{"id":1072,"date":"2024-03-13T22:57:35","date_gmt":"2024-03-13T22:57:35","guid":{"rendered":"https:\/\/hotelbidasoa.cl\/?page_id=1072"},"modified":"2024-04-30T07:37:47","modified_gmt":"2024-04-30T07:37:47","slug":"casa-sanz","status":"publish","type":"page","link":"https:\/\/hotelbidasoa.cl\/en\/casa-sanz\/","title":{"rendered":"Casa Sanz"},"content":{"rendered":"\t\t<div data-elementor-type=\"wp-page\" data-elementor-id=\"1072\" class=\"elementor elementor-1072\" data-elementor-post-type=\"page\">\n\t\t\t\t<div class=\"elementor-element elementor-element-a26fd75 e-con-full e-flex e-con e-parent\" data-id=\"a26fd75\" data-element_type=\"container\" data-e-type=\"container\" data-settings=\"{&quot;background_background&quot;:&quot;classic&quot;}\">\n\t\t<div class=\"elementor-element elementor-element-28e615b e-con-full e-flex e-con e-child\" data-id=\"28e615b\" data-element_type=\"container\" data-e-type=\"container\" data-settings=\"{&quot;background_background&quot;:&quot;classic&quot;,&quot;background_motion_fx_motion_fx_scrolling&quot;:&quot;yes&quot;,&quot;background_motion_fx_translateY_effect&quot;:&quot;yes&quot;,&quot;background_motion_fx_translateY_speed&quot;:{&quot;unit&quot;:&quot;px&quot;,&quot;size&quot;:4,&quot;sizes&quot;:[]},&quot;background_motion_fx_translateY_affectedRange&quot;:{&quot;unit&quot;:&quot;%&quot;,&quot;size&quot;:&quot;&quot;,&quot;sizes&quot;:{&quot;start&quot;:0,&quot;end&quot;:100}},&quot;background_motion_fx_devices&quot;:[&quot;desktop&quot;,&quot;tablet&quot;,&quot;mobile&quot;]}\">\n\t\t\t\t<\/div>\n\t\t<div class=\"elementor-element elementor-element-75d485f e-con-full 1 e-flex e-con e-child\" data-id=\"75d485f\" data-element_type=\"container\" data-e-type=\"container\" id=\"1\" data-settings=\"{&quot;background_background&quot;:&quot;classic&quot;,&quot;sticky_offset&quot;:150,&quot;sticky&quot;:&quot;top&quot;,&quot;sticky_parent&quot;:&quot;yes&quot;,&quot;sticky_offset_mobile&quot;:120,&quot;sticky_on&quot;:[&quot;desktop&quot;,&quot;tablet&quot;,&quot;mobile&quot;],&quot;sticky_effects_offset&quot;:0,&quot;sticky_anchor_link_offset&quot;:0}\">\n\t\t\t\t<div class=\"elementor-element elementor-element-f2512d3 elementor-widget elementor-widget-image\" data-id=\"f2512d3\" data-element_type=\"widget\" data-e-type=\"widget\" data-widget_type=\"image.default\">\n\t\t\t\t<div class=\"elementor-widget-container\">\n\t\t\t\t\t\t\t\t\t\t\t\t\t\t\t<img decoding=\"async\" width=\"800\" height=\"91\" src=\"https:\/\/hotelbidasoa.cl\/wp-content\/uploads\/2024\/03\/LOGO_CASA_SANZ-negro-png-1024x116.png\" class=\"attachment-large size-large wp-image-1083\" alt=\"\" srcset=\"https:\/\/hotelbidasoa.cl\/wp-content\/uploads\/2024\/03\/LOGO_CASA_SANZ-negro-png-1024x116.png.webp 1024w, https:\/\/hotelbidasoa.cl\/wp-content\/uploads\/2024\/03\/LOGO_CASA_SANZ-negro-png-600x68.png 600w, https:\/\/hotelbidasoa.cl\/wp-content\/uploads\/2024\/03\/LOGO_CASA_SANZ-negro-png-300x34.png.webp 300w, https:\/\/hotelbidasoa.cl\/wp-content\/uploads\/2024\/03\/LOGO_CASA_SANZ-negro-png-768x87.png.webp 768w, https:\/\/hotelbidasoa.cl\/wp-content\/uploads\/2024\/03\/LOGO_CASA_SANZ-negro-png.png.webp 1242w\" sizes=\"auto, (max-width: 800px) 100vw, 800px\" \/ fetchpriority=\"high\">\t\t\t\t\t\t\t\t\t\t\t\t\t\t\t<\/div>\n\t\t\t\t<\/div>\n\t\t\t\t<div class=\"elementor-element elementor-element-16220e5 elementor-widget elementor-widget-text-editor\" data-id=\"16220e5\" data-element_type=\"widget\" data-e-type=\"widget\" data-widget_type=\"text-editor.default\">\n\t\t\t\t<div class=\"elementor-widget-container\">\n\t\t\t\t\t\t\t\t\t<p>Aqu\u00ed la comida se marida con m\u00fasica y arte mientras los locales se sorprenden con la mejor gastronom\u00eda basada en plantas de latinoam\u00e9rica.<\/p>\t\t\t\t\t\t\t\t<\/div>\n\t\t\t\t<\/div>\n\t\t\t\t<div class=\"elementor-element elementor-element-29b3deb elementor-widget elementor-widget-text-editor\" data-id=\"29b3deb\" data-element_type=\"widget\" data-e-type=\"widget\" data-widget_type=\"text-editor.default\">\n\t\t\t\t<div class=\"elementor-widget-container\">\n\t\t\t\t\t\t\t\t\t<p><strong><i>Te espera un para\u00edso verde de alta vibraci\u00f3n.<\/i><\/strong><\/p>\t\t\t\t\t\t\t\t<\/div>\n\t\t\t\t<\/div>\n\t\t\t\t<\/div>\n\t\t\t\t<\/div>\n\t\t<div class=\"elementor-element elementor-element-19adbcd e-con-full e-flex e-con e-parent\" data-id=\"19adbcd\" data-element_type=\"container\" data-e-type=\"container\">\n\t\t\t\t<div class=\"elementor-element elementor-element-6786134 elementor-invisible elementor-widget elementor-widget-button\" data-id=\"6786134\" data-element_type=\"widget\" data-e-type=\"widget\" data-settings=\"{&quot;_animation&quot;:&quot;fadeInRight&quot;}\" data-widget_type=\"button.default\">\n\t\t\t\t<div class=\"elementor-widget-container\">\n\t\t\t\t\t\t\t\t\t<div class=\"elementor-button-wrapper\">\n\t\t\t\t\t<a class=\"elementor-button elementor-button-link elementor-size-xl\" href=\"https:\/\/www.ristofy.io\/menu\/casasanz\">\n\t\t\t\t\t\t<span class=\"elementor-button-content-wrapper\">\n\t\t\t\t\t\t\t\t\t<span class=\"elementor-button-text\">menu<\/span>\n\t\t\t\t\t<\/span>\n\t\t\t\t\t<\/a>\n\t\t\t\t<\/div>\n\t\t\t\t\t\t\t\t<\/div>\n\t\t\t\t<\/div>\n\t\t\t\t<div class=\"elementor-element elementor-element-13ba5de elementor-invisible elementor-widget elementor-widget-button\" data-id=\"13ba5de\" data-element_type=\"widget\" data-e-type=\"widget\" data-settings=\"{&quot;_animation&quot;:&quot;fadeInRight&quot;}\" data-widget_type=\"button.default\">\n\t\t\t\t<div class=\"elementor-widget-container\">\n\t\t\t\t\t\t\t\t\t<div class=\"elementor-button-wrapper\">\n\t\t\t\t\t<a class=\"elementor-button elementor-button-link elementor-size-xl\" href=\"https:\/\/casasanz-bidasoa.myrestoo.net\/es\/reservar\">\n\t\t\t\t\t\t<span class=\"elementor-button-content-wrapper\">\n\t\t\t\t\t\t\t\t\t<span class=\"elementor-button-text\">reservas<\/span>\n\t\t\t\t\t<\/span>\n\t\t\t\t\t<\/a>\n\t\t\t\t<\/div>\n\t\t\t\t\t\t\t\t<\/div>\n\t\t\t\t<\/div>\n\t\t\t\t<div class=\"elementor-element elementor-element-23b61f0 elementor-invisible elementor-widget elementor-widget-button\" data-id=\"23b61f0\" data-element_type=\"widget\" data-e-type=\"widget\" data-settings=\"{&quot;_animation&quot;:&quot;fadeInRight&quot;}\" data-widget_type=\"button.default\">\n\t\t\t\t<div class=\"elementor-widget-container\">\n\t\t\t\t\t\t\t\t\t<div class=\"elementor-button-wrapper\">\n\t\t\t\t\t<a class=\"elementor-button elementor-button-link elementor-size-xl\" href=\"#\">\n\t\t\t\t\t\t<span class=\"elementor-button-content-wrapper\">\n\t\t\t\t\t\t\t\t\t<span class=\"elementor-button-text\">eventos<\/span>\n\t\t\t\t\t<\/span>\n\t\t\t\t\t<\/a>\n\t\t\t\t<\/div>\n\t\t\t\t\t\t\t\t<\/div>\n\t\t\t\t<\/div>\n\t\t\t\t<\/div>\n\t\t<div class=\"elementor-element elementor-element-18e79ae e-con-full e-flex e-con e-parent\" data-id=\"18e79ae\" data-element_type=\"container\" data-e-type=\"container\" data-settings=\"{&quot;background_background&quot;:&quot;classic&quot;}\">\n\t\t<div class=\"elementor-element elementor-element-b4ecb8e e-con-full e-flex e-con e-child\" data-id=\"b4ecb8e\" data-element_type=\"container\" data-e-type=\"container\">\n\t\t\t\t<div class=\"elementor-element elementor-element-7e0de0a elementor-widget__width-initial elementor-widget-tablet__width-inherit elementor-widget elementor-widget-text-editor\" data-id=\"7e0de0a\" data-element_type=\"widget\" data-e-type=\"widget\" data-widget_type=\"text-editor.default\">\n\t\t\t\t<div class=\"elementor-widget-container\">\n\t\t\t\t\t\t\t\t\t<p>Quiz\u00e1s ser\u00eda interesante preguntarse :<\/p>\t\t\t\t\t\t\t\t<\/div>\n\t\t\t\t<\/div>\n\t\t\t\t<div class=\"elementor-element elementor-element-34bcc9f elementor-widget__width-initial elementor-widget-tablet__width-inherit elementor-widget elementor-widget-text-editor\" data-id=\"34bcc9f\" data-element_type=\"widget\" data-e-type=\"widget\" data-widget_type=\"text-editor.default\">\n\t\t\t\t<div class=\"elementor-widget-container\">\n\t\t\t\t\t\t\t\t\t\u00bfPorqu\u00e9 genios como Pit\u00e1goras,\nDa Vinci y Tesla com\u00edan as\u00ed?\t\t\t\t\t\t\t\t<\/div>\n\t\t\t\t<\/div>\n\t\t\t\t<\/div>\n\t\t<div class=\"elementor-element elementor-element-99c2f4b e-con-full e-flex e-con e-child\" data-id=\"99c2f4b\" data-element_type=\"container\" data-e-type=\"container\" data-settings=\"{&quot;background_background&quot;:&quot;classic&quot;,&quot;background_motion_fx_motion_fx_scrolling&quot;:&quot;yes&quot;,&quot;background_motion_fx_translateY_effect&quot;:&quot;yes&quot;,&quot;background_motion_fx_translateY_speed&quot;:{&quot;unit&quot;:&quot;px&quot;,&quot;size&quot;:2,&quot;sizes&quot;:[]},&quot;background_motion_fx_translateY_affectedRange&quot;:{&quot;unit&quot;:&quot;%&quot;,&quot;size&quot;:&quot;&quot;,&quot;sizes&quot;:{&quot;start&quot;:0,&quot;end&quot;:100}},&quot;background_motion_fx_devices&quot;:[&quot;desktop&quot;,&quot;tablet&quot;,&quot;mobile&quot;]}\">\n\t\t\t\t<\/div>\n\t\t\t\t<\/div>\n\t\t<div class=\"elementor-element elementor-element-8a37a06 e-con-full e-flex e-con e-parent\" data-id=\"8a37a06\" data-element_type=\"container\" data-e-type=\"container\" data-settings=\"{&quot;background_background&quot;:&quot;classic&quot;}\">\n\t\t\t\t<div class=\"elementor-element elementor-element-bdd53bf elementor-widget elementor-widget-gallery\" data-id=\"bdd53bf\" data-element_type=\"widget\" data-e-type=\"widget\" data-settings=\"{&quot;gallery_layout&quot;:&quot;masonry&quot;,&quot;gap&quot;:{&quot;unit&quot;:&quot;px&quot;,&quot;size&quot;:7,&quot;sizes&quot;:[]},&quot;image_hover_animation&quot;:&quot;grow&quot;,&quot;columns_mobile&quot;:3,&quot;columns_tablet&quot;:3,&quot;lazyload&quot;:&quot;yes&quot;,&quot;columns&quot;:4,&quot;gap_tablet&quot;:{&quot;unit&quot;:&quot;px&quot;,&quot;size&quot;:10,&quot;sizes&quot;:[]},&quot;gap_mobile&quot;:{&quot;unit&quot;:&quot;px&quot;,&quot;size&quot;:10,&quot;sizes&quot;:[]},&quot;link_to&quot;:&quot;file&quot;,&quot;overlay_background&quot;:&quot;yes&quot;,&quot;content_hover_animation&quot;:&quot;fade-in&quot;}\" data-widget_type=\"gallery.default\">\n\t\t\t\t<div class=\"elementor-widget-container\">\n\t\t\t\t\t\t\t<div class=\"elementor-gallery__container\">\n\t\t\t\t\t\t\t<a class=\"e-gallery-item elementor-gallery-item elementor-animated-content\" href=\"https:\/\/hotelbidasoa.cl\/wp-content\/uploads\/2024\/03\/Casa-Sanz-19.webp\" data-elementor-open-lightbox=\"yes\" data-elementor-lightbox-slideshow=\"bdd53bf\" data-e-action-hash=\"#elementor-action%3Aaction%3Dlightbox%26settings%3DeyJpZCI6MTIzMywidXJsIjoiaHR0cHM6XC9cL2hvdGVsYmlkYXNvYS5jbFwvd3AtY29udGVudFwvdXBsb2Fkc1wvMjAyNFwvMDNcL0Nhc2EtU2Fuei0xOS53ZWJwIiwic2xpZGVzaG93IjoiYmRkNTNiZiJ9\">\n\t\t\t\t\t<div class=\"e-gallery-image elementor-gallery-item__image\" data-thumbnail=\"https:\/\/hotelbidasoa.cl\/wp-content\/uploads\/2024\/03\/Casa-Sanz-19-1024x768.webp\" data-width=\"800\" data-height=\"600\" aria-label=\"\" role=\"img\" ><\/div>\n\t\t\t\t\t\t\t\t\t\t\t<div class=\"elementor-gallery-item__overlay\"><\/div>\n\t\t\t\t\t\t\t\t\t\t\t\t\t\t<\/a>\n\t\t\t\t\t\t\t<a class=\"e-gallery-item elementor-gallery-item elementor-animated-content\" href=\"https:\/\/hotelbidasoa.cl\/wp-content\/uploads\/2024\/03\/Casa-Sanz-7.webp\" data-elementor-open-lightbox=\"yes\" data-elementor-lightbox-slideshow=\"bdd53bf\" data-e-action-hash=\"#elementor-action%3Aaction%3Dlightbox%26settings%3DeyJpZCI6MTE5NSwidXJsIjoiaHR0cHM6XC9cL2hvdGVsYmlkYXNvYS5jbFwvd3AtY29udGVudFwvdXBsb2Fkc1wvMjAyNFwvMDNcL0Nhc2EtU2Fuei03LndlYnAiLCJzbGlkZXNob3ciOiJiZGQ1M2JmIn0%3D\">\n\t\t\t\t\t<div class=\"e-gallery-image elementor-gallery-item__image\" data-thumbnail=\"https:\/\/hotelbidasoa.cl\/wp-content\/uploads\/2024\/03\/Casa-Sanz-7-768x1024.webp\" data-width=\"768\" data-height=\"1024\" aria-label=\"\" role=\"img\" ><\/div>\n\t\t\t\t\t\t\t\t\t\t\t<div class=\"elementor-gallery-item__overlay\"><\/div>\n\t\t\t\t\t\t\t\t\t\t\t\t\t\t<\/a>\n\t\t\t\t\t\t\t<a class=\"e-gallery-item elementor-gallery-item elementor-animated-content\" href=\"https:\/\/hotelbidasoa.cl\/wp-content\/uploads\/2024\/03\/Casa-Sanz-12.webp\" data-elementor-open-lightbox=\"yes\" data-elementor-lightbox-slideshow=\"bdd53bf\" data-e-action-hash=\"#elementor-action%3Aaction%3Dlightbox%26settings%3DeyJpZCI6MTIwMCwidXJsIjoiaHR0cHM6XC9cL2hvdGVsYmlkYXNvYS5jbFwvd3AtY29udGVudFwvdXBsb2Fkc1wvMjAyNFwvMDNcL0Nhc2EtU2Fuei0xMi53ZWJwIiwic2xpZGVzaG93IjoiYmRkNTNiZiJ9\">\n\t\t\t\t\t<div class=\"e-gallery-image elementor-gallery-item__image\" data-thumbnail=\"https:\/\/hotelbidasoa.cl\/wp-content\/uploads\/2024\/03\/Casa-Sanz-12-768x1024.webp\" data-width=\"768\" data-height=\"1024\" aria-label=\"\" role=\"img\" ><\/div>\n\t\t\t\t\t\t\t\t\t\t\t<div class=\"elementor-gallery-item__overlay\"><\/div>\n\t\t\t\t\t\t\t\t\t\t\t\t\t\t<\/a>\n\t\t\t\t\t\t\t<a class=\"e-gallery-item elementor-gallery-item elementor-animated-content\" href=\"https:\/\/hotelbidasoa.cl\/wp-content\/uploads\/2024\/03\/Casa-Sanz-13.webp\" data-elementor-open-lightbox=\"yes\" data-elementor-lightbox-slideshow=\"bdd53bf\" data-e-action-hash=\"#elementor-action%3Aaction%3Dlightbox%26settings%3DeyJpZCI6MTIwMSwidXJsIjoiaHR0cHM6XC9cL2hvdGVsYmlkYXNvYS5jbFwvd3AtY29udGVudFwvdXBsb2Fkc1wvMjAyNFwvMDNcL0Nhc2EtU2Fuei0xMy53ZWJwIiwic2xpZGVzaG93IjoiYmRkNTNiZiJ9\">\n\t\t\t\t\t<div class=\"e-gallery-image elementor-gallery-item__image\" data-thumbnail=\"https:\/\/hotelbidasoa.cl\/wp-content\/uploads\/2024\/03\/Casa-Sanz-13-1024x692.webp\" data-width=\"800\" data-height=\"541\" aria-label=\"\" role=\"img\" ><\/div>\n\t\t\t\t\t\t\t\t\t\t\t<div class=\"elementor-gallery-item__overlay\"><\/div>\n\t\t\t\t\t\t\t\t\t\t\t\t\t\t<\/a>\n\t\t\t\t\t\t\t<a class=\"e-gallery-item elementor-gallery-item elementor-animated-content\" href=\"https:\/\/hotelbidasoa.cl\/wp-content\/uploads\/2024\/03\/Casa-Sanz-18.webp\" data-elementor-open-lightbox=\"yes\" data-elementor-lightbox-slideshow=\"bdd53bf\" data-e-action-hash=\"#elementor-action%3Aaction%3Dlightbox%26settings%3DeyJpZCI6MTIxMiwidXJsIjoiaHR0cHM6XC9cL2hvdGVsYmlkYXNvYS5jbFwvd3AtY29udGVudFwvdXBsb2Fkc1wvMjAyNFwvMDNcL0Nhc2EtU2Fuei0xOC53ZWJwIiwic2xpZGVzaG93IjoiYmRkNTNiZiJ9\">\n\t\t\t\t\t<div class=\"e-gallery-image elementor-gallery-item__image\" data-thumbnail=\"https:\/\/hotelbidasoa.cl\/wp-content\/uploads\/2024\/03\/Casa-Sanz-18-1024x818.webp\" data-width=\"800\" data-height=\"639\" aria-label=\"\" role=\"img\" ><\/div>\n\t\t\t\t\t\t\t\t\t\t\t<div class=\"elementor-gallery-item__overlay\"><\/div>\n\t\t\t\t\t\t\t\t\t\t\t\t\t\t<\/a>\n\t\t\t\t\t\t\t<a class=\"e-gallery-item elementor-gallery-item elementor-animated-content\" href=\"https:\/\/hotelbidasoa.cl\/wp-content\/uploads\/2024\/03\/Casa-Sanz-15.webp\" data-elementor-open-lightbox=\"yes\" data-elementor-lightbox-slideshow=\"bdd53bf\" data-e-action-hash=\"#elementor-action%3Aaction%3Dlightbox%26settings%3DeyJpZCI6MTE5NCwidXJsIjoiaHR0cHM6XC9cL2hvdGVsYmlkYXNvYS5jbFwvd3AtY29udGVudFwvdXBsb2Fkc1wvMjAyNFwvMDNcL0Nhc2EtU2Fuei0xNS53ZWJwIiwic2xpZGVzaG93IjoiYmRkNTNiZiJ9\">\n\t\t\t\t\t<div class=\"e-gallery-image elementor-gallery-item__image\" data-thumbnail=\"https:\/\/hotelbidasoa.cl\/wp-content\/uploads\/2024\/03\/Casa-Sanz-15-669x1024.webp\" data-width=\"669\" data-height=\"1024\" aria-label=\"\" role=\"img\" ><\/div>\n\t\t\t\t\t\t\t\t\t\t\t<div class=\"elementor-gallery-item__overlay\"><\/div>\n\t\t\t\t\t\t\t\t\t\t\t\t\t\t<\/a>\n\t\t\t\t\t\t\t<a class=\"e-gallery-item elementor-gallery-item elementor-animated-content\" href=\"https:\/\/hotelbidasoa.cl\/wp-content\/uploads\/2024\/03\/Casa-Sanz-11.webp\" data-elementor-open-lightbox=\"yes\" data-elementor-lightbox-slideshow=\"bdd53bf\" data-e-action-hash=\"#elementor-action%3Aaction%3Dlightbox%26settings%3DeyJpZCI6MTE5OSwidXJsIjoiaHR0cHM6XC9cL2hvdGVsYmlkYXNvYS5jbFwvd3AtY29udGVudFwvdXBsb2Fkc1wvMjAyNFwvMDNcL0Nhc2EtU2Fuei0xMS53ZWJwIiwic2xpZGVzaG93IjoiYmRkNTNiZiJ9\">\n\t\t\t\t\t<div class=\"e-gallery-image elementor-gallery-item__image\" data-thumbnail=\"https:\/\/hotelbidasoa.cl\/wp-content\/uploads\/2024\/03\/Casa-Sanz-11-768x1024.webp\" data-width=\"768\" data-height=\"1024\" aria-label=\"\" role=\"img\" ><\/div>\n\t\t\t\t\t\t\t\t\t\t\t<div class=\"elementor-gallery-item__overlay\"><\/div>\n\t\t\t\t\t\t\t\t\t\t\t\t\t\t<\/a>\n\t\t\t\t\t\t\t<a class=\"e-gallery-item elementor-gallery-item elementor-animated-content\" href=\"https:\/\/hotelbidasoa.cl\/wp-content\/uploads\/2024\/03\/Casa-Sanz-17.webp\" data-elementor-open-lightbox=\"yes\" data-elementor-lightbox-slideshow=\"bdd53bf\" data-e-action-hash=\"#elementor-action%3Aaction%3Dlightbox%26settings%3DeyJpZCI6MTIxNCwidXJsIjoiaHR0cHM6XC9cL2hvdGVsYmlkYXNvYS5jbFwvd3AtY29udGVudFwvdXBsb2Fkc1wvMjAyNFwvMDNcL0Nhc2EtU2Fuei0xNy53ZWJwIiwic2xpZGVzaG93IjoiYmRkNTNiZiJ9\">\n\t\t\t\t\t<div class=\"e-gallery-image elementor-gallery-item__image\" data-thumbnail=\"https:\/\/hotelbidasoa.cl\/wp-content\/uploads\/2024\/03\/Casa-Sanz-17-692x1024.webp\" data-width=\"692\" data-height=\"1024\" aria-label=\"\" role=\"img\" ><\/div>\n\t\t\t\t\t\t\t\t\t\t\t<div class=\"elementor-gallery-item__overlay\"><\/div>\n\t\t\t\t\t\t\t\t\t\t\t\t\t\t<\/a>\n\t\t\t\t\t\t\t<a class=\"e-gallery-item elementor-gallery-item elementor-animated-content\" href=\"https:\/\/hotelbidasoa.cl\/wp-content\/uploads\/2024\/03\/Casa-Sanz-8.webp\" data-elementor-open-lightbox=\"yes\" data-elementor-lightbox-slideshow=\"bdd53bf\" data-e-action-hash=\"#elementor-action%3Aaction%3Dlightbox%26settings%3DeyJpZCI6MTE5NiwidXJsIjoiaHR0cHM6XC9cL2hvdGVsYmlkYXNvYS5jbFwvd3AtY29udGVudFwvdXBsb2Fkc1wvMjAyNFwvMDNcL0Nhc2EtU2Fuei04LndlYnAiLCJzbGlkZXNob3ciOiJiZGQ1M2JmIn0%3D\">\n\t\t\t\t\t<div class=\"e-gallery-image elementor-gallery-item__image\" data-thumbnail=\"https:\/\/hotelbidasoa.cl\/wp-content\/uploads\/2024\/03\/Casa-Sanz-8-682x1024.webp\" data-width=\"682\" data-height=\"1024\" aria-label=\"\" role=\"img\" ><\/div>\n\t\t\t\t\t\t\t\t\t\t\t<div class=\"elementor-gallery-item__overlay\"><\/div>\n\t\t\t\t\t\t\t\t\t\t\t\t\t\t<\/a>\n\t\t\t\t\t\t\t<a class=\"e-gallery-item elementor-gallery-item elementor-animated-content\" href=\"https:\/\/hotelbidasoa.cl\/wp-content\/uploads\/2024\/03\/Casa-Sanz-9.webp\" data-elementor-open-lightbox=\"yes\" data-elementor-lightbox-slideshow=\"bdd53bf\" data-e-action-hash=\"#elementor-action%3Aaction%3Dlightbox%26settings%3DeyJpZCI6MTE5NywidXJsIjoiaHR0cHM6XC9cL2hvdGVsYmlkYXNvYS5jbFwvd3AtY29udGVudFwvdXBsb2Fkc1wvMjAyNFwvMDNcL0Nhc2EtU2Fuei05LndlYnAiLCJzbGlkZXNob3ciOiJiZGQ1M2JmIn0%3D\">\n\t\t\t\t\t<div class=\"e-gallery-image elementor-gallery-item__image\" data-thumbnail=\"https:\/\/hotelbidasoa.cl\/wp-content\/uploads\/2024\/03\/Casa-Sanz-9-701x1024.webp\" data-width=\"701\" data-height=\"1024\" aria-label=\"\" role=\"img\" ><\/div>\n\t\t\t\t\t\t\t\t\t\t\t<div class=\"elementor-gallery-item__overlay\"><\/div>\n\t\t\t\t\t\t\t\t\t\t\t\t\t\t<\/a>\n\t\t\t\t\t\t\t<a class=\"e-gallery-item elementor-gallery-item elementor-animated-content\" href=\"https:\/\/hotelbidasoa.cl\/wp-content\/uploads\/2024\/03\/Casa-Sanz-10.webp\" data-elementor-open-lightbox=\"yes\" data-elementor-lightbox-slideshow=\"bdd53bf\" data-e-action-hash=\"#elementor-action%3Aaction%3Dlightbox%26settings%3DeyJpZCI6MTE5OCwidXJsIjoiaHR0cHM6XC9cL2hvdGVsYmlkYXNvYS5jbFwvd3AtY29udGVudFwvdXBsb2Fkc1wvMjAyNFwvMDNcL0Nhc2EtU2Fuei0xMC53ZWJwIiwic2xpZGVzaG93IjoiYmRkNTNiZiJ9\">\n\t\t\t\t\t<div class=\"e-gallery-image elementor-gallery-item__image\" data-thumbnail=\"https:\/\/hotelbidasoa.cl\/wp-content\/uploads\/2024\/03\/Casa-Sanz-10-1024x768.webp\" data-width=\"800\" data-height=\"600\" aria-label=\"\" role=\"img\" ><\/div>\n\t\t\t\t\t\t\t\t\t\t\t<div class=\"elementor-gallery-item__overlay\"><\/div>\n\t\t\t\t\t\t\t\t\t\t\t\t\t\t<\/a>\n\t\t\t\t\t\t\t<a class=\"e-gallery-item elementor-gallery-item elementor-animated-content\" href=\"https:\/\/hotelbidasoa.cl\/wp-content\/uploads\/2024\/03\/Casa-Sanz-14.webp\" data-elementor-open-lightbox=\"yes\" data-elementor-lightbox-slideshow=\"bdd53bf\" data-e-action-hash=\"#elementor-action%3Aaction%3Dlightbox%26settings%3DeyJpZCI6MTIwMiwidXJsIjoiaHR0cHM6XC9cL2hvdGVsYmlkYXNvYS5jbFwvd3AtY29udGVudFwvdXBsb2Fkc1wvMjAyNFwvMDNcL0Nhc2EtU2Fuei0xNC53ZWJwIiwic2xpZGVzaG93IjoiYmRkNTNiZiJ9\">\n\t\t\t\t\t<div class=\"e-gallery-image elementor-gallery-item__image\" data-thumbnail=\"https:\/\/hotelbidasoa.cl\/wp-content\/uploads\/2024\/03\/Casa-Sanz-14-687x1024.webp\" data-width=\"687\" data-height=\"1024\" aria-label=\"\" role=\"img\" ><\/div>\n\t\t\t\t\t\t\t\t\t\t\t<div class=\"elementor-gallery-item__overlay\"><\/div>\n\t\t\t\t\t\t\t\t\t\t\t\t\t\t<\/a>\n\t\t\t\t\t\t\t<a class=\"e-gallery-item elementor-gallery-item elementor-animated-content\" href=\"https:\/\/hotelbidasoa.cl\/wp-content\/uploads\/2024\/03\/Casa-Sanz-16-e1710873001366.webp\" data-elementor-open-lightbox=\"yes\" data-elementor-lightbox-slideshow=\"bdd53bf\" data-e-action-hash=\"#elementor-action%3Aaction%3Dlightbox%26settings%3DeyJpZCI6MTIxMywidXJsIjoiaHR0cHM6XC9cL2hvdGVsYmlkYXNvYS5jbFwvd3AtY29udGVudFwvdXBsb2Fkc1wvMjAyNFwvMDNcL0Nhc2EtU2Fuei0xNi1lMTcxMDg3MzAwMTM2Ni53ZWJwIiwic2xpZGVzaG93IjoiYmRkNTNiZiJ9\">\n\t\t\t\t\t<div class=\"e-gallery-image elementor-gallery-item__image\" data-thumbnail=\"https:\/\/hotelbidasoa.cl\/wp-content\/uploads\/2024\/03\/Casa-Sanz-16-e1710873001366-768x1024.webp\" data-width=\"768\" data-height=\"1024\" aria-label=\"\" role=\"img\" ><\/div>\n\t\t\t\t\t\t\t\t\t\t\t<div class=\"elementor-gallery-item__overlay\"><\/div>\n\t\t\t\t\t\t\t\t\t\t\t\t\t\t<\/a>\n\t\t\t\t\t<\/div>\n\t\t\t\t\t<\/div>\n\t\t\t\t<\/div>\n\t\t\t\t<\/div>\n\t\t\t\t<\/div>\n\t\t","protected":false},"excerpt":{"rendered":"<p>Aqu\u00ed la comida se marida con m\u00fasica y arte mientras los locales se sorprenden con la mejor gastronom\u00eda basada en plantas de latinoam\u00e9rica. Te espera un para\u00edso verde de alta vibraci\u00f3n. menu reservas eventos Quiz\u00e1s ser\u00eda interesante preguntarse : \u00bfPorqu\u00e9 genios como Pit\u00e1goras, Da Vinci y Tesla com\u00edan as\u00ed?<\/p>","protected":false},"author":1,"featured_media":0,"parent":0,"menu_order":0,"comment_status":"closed","ping_status":"closed","template":"elementor_header_footer","meta":{"_acf_changed":false,"footnotes":""},"class_list":["post-1072","page","type-page","status-publish","hentry"],"acf":[],"_links":{"self":[{"href":"https:\/\/hotelbidasoa.cl\/en\/wp-json\/wp\/v2\/pages\/1072","targetHints":{"allow":["GET"]}}],"collection":[{"href":"https:\/\/hotelbidasoa.cl\/en\/wp-json\/wp\/v2\/pages"}],"about":[{"href":"https:\/\/hotelbidasoa.cl\/en\/wp-json\/wp\/v2\/types\/page"}],"author":[{"embeddable":true,"href":"https:\/\/hotelbidasoa.cl\/en\/wp-json\/wp\/v2\/users\/1"}],"replies":[{"embeddable":true,"href":"https:\/\/hotelbidasoa.cl\/en\/wp-json\/wp\/v2\/comments?post=1072"}],"version-history":[{"count":130,"href":"https:\/\/hotelbidasoa.cl\/en\/wp-json\/wp\/v2\/pages\/1072\/revisions"}],"predecessor-version":[{"id":4071,"href":"https:\/\/hotelbidasoa.cl\/en\/wp-json\/wp\/v2\/pages\/1072\/revisions\/4071"}],"wp:attachment":[{"href":"https:\/\/hotelbidasoa.cl\/en\/wp-json\/wp\/v2\/media?parent=1072"}],"curies":[{"name":"wp","href":"https:\/\/api.w.org\/{rel}","templated":true}]}}